{"id":27,"date":"2024-02-19T10:38:33","date_gmt":"2024-02-19T13:38:33","guid":{"rendered":"https:\/\/ehcomunicacao.com.br\/tonis\/?page_id=27"},"modified":"2024-02-26T12:33:18","modified_gmt":"2024-02-26T15:33:18","slug":"servicos","status":"publish","type":"page","link":"https:\/\/ehcomunicacao.com.br\/tonis\/index.php\/servicos\/","title":{"rendered":"Servi\u00e7os"},"content":{"rendered":"\n<div class=\"wp-block-media-text is-stacked-on-mobile\"><figure class=\"wp-block-media-text__media\"><img loading=\"lazy\" decoding=\"async\" width=\"582\" height=\"582\" src=\"https:\/\/ehcomunicacao.com.br\/tonis\/wp-content\/uploads\/2024\/02\/1cardapio-a-la-carte-1.jpg\" alt=\"\" class=\"wp-image-184 size-full\" srcset=\"https:\/\/ehcomunicacao.com.br\/tonis\/wp-content\/uploads\/2024\/02\/1cardapio-a-la-carte-1.jpg 582w, https:\/\/ehcomunicacao.com.br\/tonis\/wp-content\/uploads\/2024\/02\/1cardapio-a-la-carte-1-300x300.jpg 300w, https:\/\/ehcomunicacao.com.br\/tonis\/wp-content\/uploads\/2024\/02\/1cardapio-a-la-carte-1-150x150.jpg 150w, https:\/\/ehcomunicacao.com.br\/tonis\/wp-content\/uploads\/2024\/02\/1cardapio-a-la-carte-1-250x250.jpg 250w, https:\/\/ehcomunicacao.com.br\/tonis\/wp-content\/uploads\/2024\/02\/1cardapio-a-la-carte-1-100x100.jpg 100w\" sizes=\"(max-width: 582px) 100vw, 582px\" \/><\/figure><div class=\"wp-block-media-text__content\">\n<p><br><strong>A LA CARTE &#8211; <\/strong>Para quem quer comer algo mais substancial, o Toni\u2019s oferece pizzas cuidadosamente preparadas, sem economia de recheio ou massa, com mais de 15 irresist\u00edveis sabores, al\u00e9m de outras massas feitas com as mais tradicionais receitas italianas (lasagnas, canelones, etc). Para quem gosta de carnes, o \u201cChurrasco misto na Brasa\u201d \u00e9 uma das \u00f3timas op\u00e7\u00f5es, acompanhado de arroz, farofa e fritas, todos feitos com receitas caseiras e irresist\u00edvel bom gosto. Para quem s\u00f3 pensa em lanchar, s\u00e3o oferecidos os tradicionais sandu\u00edches, com hamburger produzido na casa, sem conservantes ou qu\u00edmicas, al\u00e9m dos petiscos e deliciosos sorvetes. O servi\u00e7o a La Carte n\u00e3o p\u00e1ra por a\u00ed, o cliente ainda pode escolher pratos espec\u00edficos que v\u00e3o desde um bife \u00e0 parmediana at\u00e9 um salm\u00e3o grelhado.\u00a0<\/p>\n<\/div><\/div>\n\n\n\n<div class=\"wp-block-media-text is-stacked-on-mobile\"><figure class=\"wp-block-media-text__media\"><img loading=\"lazy\" decoding=\"async\" width=\"581\" height=\"582\" src=\"https:\/\/ehcomunicacao.com.br\/tonis\/wp-content\/uploads\/2024\/02\/executivos.jpg\" alt=\"\" class=\"wp-image-188 size-full\" srcset=\"https:\/\/ehcomunicacao.com.br\/tonis\/wp-content\/uploads\/2024\/02\/executivos.jpg 581w, https:\/\/ehcomunicacao.com.br\/tonis\/wp-content\/uploads\/2024\/02\/executivos-300x300.jpg 300w, https:\/\/ehcomunicacao.com.br\/tonis\/wp-content\/uploads\/2024\/02\/executivos-150x150.jpg 150w, https:\/\/ehcomunicacao.com.br\/tonis\/wp-content\/uploads\/2024\/02\/executivos-250x250.jpg 250w, https:\/\/ehcomunicacao.com.br\/tonis\/wp-content\/uploads\/2024\/02\/executivos-100x100.jpg 100w\" sizes=\"(max-width: 581px) 100vw, 581px\" \/><\/figure><div class=\"wp-block-media-text__content\">\n<p><strong>EXECUTIVO &#8211; <\/strong>Indispens\u00e1vel na vida de muitos petropolitanos, principalmente os que trabalham nas imedia\u00e7\u00f5es do Centro e querem uma alimenta\u00e7\u00e3o r\u00e1pida, de qualidade, mas n\u00e3o gostam do servi\u00e7o \u201cfast food\u201d. Os Pratos Executivos s\u00e3o feitos da seguinte forma: o cliente escolhe um tipo de carne e at\u00e9 tr\u00eas acompanhamentos. O prato vem montado, sem economia, quentinho e do jeito que o cliente deseja. O sistema de Prato Executivo o\u00a0Toni\u2019s, ao contr\u00e1rio da maioria dos restaurantes da cidade, funciona todos os dias e em qualquer hor\u00e1rio, facilitando a vida de quem n\u00e3o tem hora certa para almo\u00e7ar mas faz quest\u00e3o de uma alimenta\u00e7\u00e3o saud\u00e1vel e balanceada.<\/p>\n<\/div><\/div>\n\n\n\n<div class=\"wp-block-media-text is-stacked-on-mobile\"><figure class=\"wp-block-media-text__media\"><img loading=\"lazy\" decoding=\"async\" width=\"582\" height=\"582\" src=\"https:\/\/ehcomunicacao.com.br\/tonis\/wp-content\/uploads\/2024\/02\/disk-tonis.jpg\" alt=\"\" class=\"wp-image-186 size-full\" srcset=\"https:\/\/ehcomunicacao.com.br\/tonis\/wp-content\/uploads\/2024\/02\/disk-tonis.jpg 582w, https:\/\/ehcomunicacao.com.br\/tonis\/wp-content\/uploads\/2024\/02\/disk-tonis-300x300.jpg 300w, https:\/\/ehcomunicacao.com.br\/tonis\/wp-content\/uploads\/2024\/02\/disk-tonis-150x150.jpg 150w, https:\/\/ehcomunicacao.com.br\/tonis\/wp-content\/uploads\/2024\/02\/disk-tonis-250x250.jpg 250w, https:\/\/ehcomunicacao.com.br\/tonis\/wp-content\/uploads\/2024\/02\/disk-tonis-100x100.jpg 100w\" sizes=\"(max-width: 582px) 100vw, 582px\" \/><\/figure><div class=\"wp-block-media-text__content\">\n<p><strong>DISK TONI\u00b4S &#8211;<\/strong> At\u00e9 o cliente que n\u00e3o tem tempo ou n\u00e3o pode ir ao\u00a0Toni\u2019s\u00a0para saborear seus principais pratos e lanches n\u00e3o fica esquecido. Com disk\u00a0Toni\u2019s, servi\u00e7o de entrega em domic\u00edlio mais antigo e eficiente da cidade, com 16 anos de tradi\u00e7\u00e3o, voc\u00ea pode escolher qualquer prato do card\u00e1pio, com a facilidade de receber no conforto de sua casa, de forma r\u00e1pida, pr\u00e1tica e com a mesma qualidade. As entregas s\u00e3o feitas at\u00e9 o segundo distrito (Corr\u00eaas e Cascatinha), com cerca de sete motos, que trabalham de 11h \u00e0s 23 horas, todo dia da semana.<\/p>\n<\/div><\/div>\n","protected":false},"excerpt":{"rendered":"<p>A LA CARTE &#8211; Para quem quer comer algo mais substancial, o Toni\u2019s oferece pizzas cuidadosamente preparadas, sem economia de recheio ou massa, com mais de 15 irresist\u00edveis sabores, al\u00e9m de outras massas feitas com as mais tradicionais receitas italianas (lasagnas, canelones, etc). Para quem gosta de carnes, o \u201cChurrasco misto na Brasa\u201d \u00e9 uma [&hellip;]<\/p>\n","protected":false},"author":1,"featured_media":0,"parent":0,"menu_order":0,"comment_status":"closed","ping_status":"closed","template":"","meta":{"footnotes":""},"_links":{"self":[{"href":"https:\/\/ehcomunicacao.com.br\/tonis\/index.php\/wp-json\/wp\/v2\/pages\/27"}],"collection":[{"href":"https:\/\/ehcomunicacao.com.br\/tonis\/index.php\/wp-json\/wp\/v2\/pages"}],"about":[{"href":"https:\/\/ehcomunicacao.com.br\/tonis\/index.php\/wp-json\/wp\/v2\/types\/page"}],"author":[{"embeddable":true,"href":"https:\/\/ehcomunicacao.com.br\/tonis\/index.php\/wp-json\/wp\/v2\/users\/1"}],"replies":[{"embeddable":true,"href":"https:\/\/ehcomunicacao.com.br\/tonis\/index.php\/wp-json\/wp\/v2\/comments?post=27"}],"version-history":[{"count":8,"href":"https:\/\/ehcomunicacao.com.br\/tonis\/index.php\/wp-json\/wp\/v2\/pages\/27\/revisions"}],"predecessor-version":[{"id":190,"href":"https:\/\/ehcomunicacao.com.br\/tonis\/index.php\/wp-json\/wp\/v2\/pages\/27\/revisions\/190"}],"wp:attachment":[{"href":"https:\/\/ehcomunicacao.com.br\/tonis\/index.php\/wp-json\/wp\/v2\/media?parent=27"}],"curies":[{"name":"wp","href":"https:\/\/api.w.org\/{rel}","templated":true}]}}